{"id":600,"date":"2025-06-29T22:30:05","date_gmt":"2025-06-29T22:30:05","guid":{"rendered":"https:\/\/vngavista.pt\/?page_id=600"},"modified":"2025-06-30T02:42:30","modified_gmt":"2025-06-30T02:42:30","slug":"politica-de-privacidade","status":"publish","type":"page","link":"https:\/\/vngavista.pt\/index.php\/politica-de-privacidade\/","title":{"rendered":"Pol\u00edtica de Privacidade"},"content":{"rendered":"\t\t<div data-elementor-type=\"wp-page\" data-elementor-id=\"600\" class=\"elementor elementor-600\">\n\t\t\t\t<div class=\"elementor-element elementor-element-7347477 e-flex e-con-boxed e-con e-parent\" data-id=\"7347477\" data-element_type=\"container\" data-e-type=\"container\">\n\t\t\t\t\t<div class=\"e-con-inner\">\n\t\t\t\t<div class=\"elementor-element elementor-element-da61010 elementor-widget elementor-widget-spacer\" data-id=\"da61010\" data-element_type=\"widget\" data-e-type=\"widget\" data-widget_type=\"spacer.default\">\n\t\t\t\t<div class=\"elementor-widget-container\">\n\t\t\t\t\t\t\t<div class=\"elementor-spacer\">\n\t\t\t<div class=\"elementor-spacer-inner\"><\/div>\n\t\t<\/div>\n\t\t\t\t\t\t<\/div>\n\t\t\t\t<\/div>\n\t\t\t\t\t<\/div>\n\t\t\t\t<\/div>\n\t\t<div class=\"elementor-element elementor-element-fa938a7 e-flex e-con-boxed e-con e-parent\" data-id=\"fa938a7\" data-element_type=\"container\" data-e-type=\"container\">\n\t\t\t\t\t<div class=\"e-con-inner\">\n\t\t\t\t<div class=\"elementor-element elementor-element-23f76df animated-slow elementor-invisible elementor-widget elementor-widget-heading\" data-id=\"23f76df\" data-element_type=\"widget\" data-e-type=\"widget\" data-settings=\"{&quot;_animation&quot;:&quot;zoomIn&quot;,&quot;_animation_delay&quot;:1}\" data-widget_type=\"heading.default\">\n\t\t\t\t<div class=\"elementor-widget-container\">\n\t\t\t\t\t<h2 class=\"elementor-heading-title elementor-size-default\">Pol\u00edtica de Privacidade<\/h2>\t\t\t\t<\/div>\n\t\t\t\t<\/div>\n\t\t\t\t\t<\/div>\n\t\t\t\t<\/div>\n\t\t<div class=\"elementor-element elementor-element-b8f2daa e-flex e-con-boxed e-con e-parent\" data-id=\"b8f2daa\" data-element_type=\"container\" data-e-type=\"container\">\n\t\t\t\t\t<div class=\"e-con-inner\">\n\t\t\t\t<div class=\"elementor-element elementor-element-da5da56 animated-slow elementor-invisible elementor-widget elementor-widget-text-editor\" data-id=\"da5da56\" data-element_type=\"widget\" data-e-type=\"widget\" data-settings=\"{&quot;_animation&quot;:&quot;zoomIn&quot;,&quot;_animation_delay&quot;:1}\" data-widget_type=\"text-editor.default\">\n\t\t\t\t<div class=\"elementor-widget-container\">\n\t\t\t\t\t\t\t\t\t<p>Todos os dados fornecidos neste website Vila Nova de Gaia \u00e0 Vista s\u00e3o tratados com total confidencialidade e utilizados apenas para fins administrativos e informativos, exclusivamente relacionados com o projeto.<\/p><p>Nenhum dado pessoal ser\u00e1 partilhado com terceiros, exceto em situa\u00e7\u00f5es que envolvam obriga\u00e7\u00f5es legais, nomeadamente pedidos judiciais ou governamentais.<\/p><p>Apenas s\u00e3o recolhidas informa\u00e7\u00f5es essenciais para o bom funcionamento do site e intera\u00e7\u00e3o com os visitantes. N\u00e3o s\u00e3o armazenadas informa\u00e7\u00f5es sens\u00edveis como moradas, nomes completos ou dados banc\u00e1rios.<\/p>\t\t\t\t\t\t\t\t<\/div>\n\t\t\t\t<\/div>\n\t\t\t\t\t<\/div>\n\t\t\t\t<\/div>\n\t\t\t\t<\/div>\n\t\t\n    <div class=\"xs_social_share_widget xs_share_url after_content \t\tmain_content  wslu-style-1 wslu-share-box-shaped wslu-fill-colored wslu-none wslu-share-horizontal wslu-theme-font-no wslu-main_content\">\n\n\t\t\n        <ul>\n\t\t\t        <\/ul>\n    <\/div> \n","protected":false},"excerpt":{"rendered":"<p>Pol\u00edtica de Privacidade Todos os dados fornecidos neste website Vila Nova de Gaia \u00e0 Vista&hellip;<\/p>\n","protected":false},"author":1,"featured_media":0,"parent":0,"menu_order":0,"comment_status":"closed","ping_status":"closed","template":"","meta":{"postBodyCss":"","postBodyMargin":[],"postBodyPadding":[],"postBodyBackground":{"backgroundType":"classic","gradient":""},"footnotes":""},"class_list":["post-600","page","type-page","status-publish","hentry"],"_links":{"self":[{"href":"https:\/\/vngavista.pt\/index.php\/wp-json\/wp\/v2\/pages\/600","targetHints":{"allow":["GET"]}}],"collection":[{"href":"https:\/\/vngavista.pt\/index.php\/wp-json\/wp\/v2\/pages"}],"about":[{"href":"https:\/\/vngavista.pt\/index.php\/wp-json\/wp\/v2\/types\/page"}],"author":[{"embeddable":true,"href":"https:\/\/vngavista.pt\/index.php\/wp-json\/wp\/v2\/users\/1"}],"replies":[{"embeddable":true,"href":"https:\/\/vngavista.pt\/index.php\/wp-json\/wp\/v2\/comments?post=600"}],"version-history":[{"count":7,"href":"https:\/\/vngavista.pt\/index.php\/wp-json\/wp\/v2\/pages\/600\/revisions"}],"predecessor-version":[{"id":760,"href":"https:\/\/vngavista.pt\/index.php\/wp-json\/wp\/v2\/pages\/600\/revisions\/760"}],"wp:attachment":[{"href":"https:\/\/vngavista.pt\/index.php\/wp-json\/wp\/v2\/media?parent=600"}],"curies":[{"name":"wp","href":"https:\/\/api.w.org\/{rel}","templated":true}]}}