{"id":571,"date":"2025-06-27T16:29:42","date_gmt":"2025-06-27T16:29:42","guid":{"rendered":"https:\/\/vngavista.pt\/?page_id=571"},"modified":"2025-06-30T02:42:55","modified_gmt":"2025-06-30T02:42:55","slug":"elementor-571","status":"publish","type":"page","link":"https:\/\/vngavista.pt\/index.php\/elementor-571\/","title":{"rendered":"Sobre N\u00f3s"},"content":{"rendered":"\t\t<div data-elementor-type=\"wp-page\" data-elementor-id=\"571\" class=\"elementor elementor-571\">\n\t\t\t\t<div class=\"elementor-element elementor-element-e05b36b e-flex e-con-boxed e-con e-parent\" data-id=\"e05b36b\" data-element_type=\"container\" data-e-type=\"container\">\n\t\t\t\t\t<div class=\"e-con-inner\">\n\t\t\t\t<div class=\"elementor-element elementor-element-7d4cb0c elementor-widget elementor-widget-spacer\" data-id=\"7d4cb0c\" data-element_type=\"widget\" data-e-type=\"widget\" data-widget_type=\"spacer.default\">\n\t\t\t\t<div class=\"elementor-widget-container\">\n\t\t\t\t\t\t\t<div class=\"elementor-spacer\">\n\t\t\t<div class=\"elementor-spacer-inner\"><\/div>\n\t\t<\/div>\n\t\t\t\t\t\t<\/div>\n\t\t\t\t<\/div>\n\t\t\t\t<div class=\"elementor-element elementor-element-ab790cc animated-slow elementor-invisible elementor-widget elementor-widget-heading\" data-id=\"ab790cc\" data-element_type=\"widget\" data-e-type=\"widget\" data-settings=\"{&quot;_animation&quot;:&quot;zoomIn&quot;,&quot;_animation_delay&quot;:1}\" data-widget_type=\"heading.default\">\n\t\t\t\t<div class=\"elementor-widget-container\">\n\t\t\t\t\t<h2 class=\"elementor-heading-title elementor-size-default\">Sobre N\u00f3s<\/h2>\t\t\t\t<\/div>\n\t\t\t\t<\/div>\n\t\t\t\t<div class=\"elementor-element elementor-element-11adaf1 animated-slow elementor-invisible elementor-widget elementor-widget-text-editor\" data-id=\"11adaf1\" data-element_type=\"widget\" data-e-type=\"widget\" data-settings=\"{&quot;_animation&quot;:&quot;zoomIn&quot;,&quot;_animation_delay&quot;:1}\" data-widget_type=\"text-editor.default\">\n\t\t\t\t<div class=\"elementor-widget-container\">\n\t\t\t\t\t\t\t\t\t<p>O <em>website<\/em> Vila Nova de Gaia \u00e0 Vista nasceu da ideia de um aluno no \u00e2mbito da sua Prova de Aptid\u00e3o Profissional (PAP), com o objetivo de promover os pontos tur\u00edsticos mais emblem\u00e1ticos da cidade de Vila Nova de Gaia.<\/p><p>Este projeto foi desenvolvido com dedica\u00e7\u00e3o, empenho e paix\u00e3o por partilhar a riqueza cultural, hist\u00f3rica e natural que esta cidade oferece a quem a visita.<\/p><p>Com uma abordagem positiva e din\u00e2mica, este site pretende facilitar o acesso \u00e0 informa\u00e7\u00e3o \u00fatil sobre os principais locais a visitar, sugerindo experi\u00eancias aut\u00eanticas, acessos, curiosidades e avalia\u00e7\u00f5es para cada destino.<\/p><p>Cada conte\u00fado aqui apresentado foi cuidadosamente preparado para garantir uma navega\u00e7\u00e3o clara, informativa e acolhedora, sempre com o objetivo de proporcionar uma experi\u00eancia de excel\u00eancia a quem procura conhecer melhor Vila Nova de Gaia.<\/p>\t\t\t\t\t\t\t\t<\/div>\n\t\t\t\t<\/div>\n\t\t\t\t\t<\/div>\n\t\t\t\t<\/div>\n\t\t\t\t<\/div>\n\t\t\n    <div class=\"xs_social_share_widget xs_share_url after_content \t\tmain_content  wslu-style-1 wslu-share-box-shaped wslu-fill-colored wslu-none wslu-share-horizontal wslu-theme-font-no wslu-main_content\">\n\n\t\t\n        <ul>\n\t\t\t        <\/ul>\n    <\/div> \n","protected":false},"excerpt":{"rendered":"<p>Sobre N\u00f3s O website Vila Nova de Gaia \u00e0 Vista nasceu da ideia de um&hellip;<\/p>\n","protected":false},"author":1,"featured_media":0,"parent":0,"menu_order":0,"comment_status":"closed","ping_status":"closed","template":"","meta":{"postBodyCss":"","postBodyMargin":[],"postBodyPadding":[],"postBodyBackground":{"backgroundType":"classic","gradient":""},"footnotes":""},"class_list":["post-571","page","type-page","status-publish","hentry"],"_links":{"self":[{"href":"https:\/\/vngavista.pt\/index.php\/wp-json\/wp\/v2\/pages\/571","targetHints":{"allow":["GET"]}}],"collection":[{"href":"https:\/\/vngavista.pt\/index.php\/wp-json\/wp\/v2\/pages"}],"about":[{"href":"https:\/\/vngavista.pt\/index.php\/wp-json\/wp\/v2\/types\/page"}],"author":[{"embeddable":true,"href":"https:\/\/vngavista.pt\/index.php\/wp-json\/wp\/v2\/users\/1"}],"replies":[{"embeddable":true,"href":"https:\/\/vngavista.pt\/index.php\/wp-json\/wp\/v2\/comments?post=571"}],"version-history":[{"count":11,"href":"https:\/\/vngavista.pt\/index.php\/wp-json\/wp\/v2\/pages\/571\/revisions"}],"predecessor-version":[{"id":763,"href":"https:\/\/vngavista.pt\/index.php\/wp-json\/wp\/v2\/pages\/571\/revisions\/763"}],"wp:attachment":[{"href":"https:\/\/vngavista.pt\/index.php\/wp-json\/wp\/v2\/media?parent=571"}],"curies":[{"name":"wp","href":"https:\/\/api.w.org\/{rel}","templated":true}]}}